{"id":4942,"date":"2014-12-15T19:15:57","date_gmt":"2014-12-15T18:15:57","guid":{"rendered":"https:\/\/depuraibiza.com\/?page_id=4942"},"modified":"2014-12-15T19:15:57","modified_gmt":"2014-12-15T18:15:57","slug":"cookies-law","status":"publish","type":"page","link":"https:\/\/depuraibiza.com\/en\/cookies-law\/","title":{"rendered":"Cookies law"},"content":{"rendered":"<div style=\"text-align: justify;font-size: medium;\">\n<strong><span style=\"color: #c6a666;\">\u00bfQu\u00e9 es una cookie?<\/span><\/strong><br \/>\nUna cookie es un fichero que se descarga en tu ordenador o terminal al acceder a nuestra p\u00e1gina web. Las cookies nos permiten, entre otras cosas, almacenar y recuperar informaci\u00f3n sobre los h\u00e1bitos de navegaci\u00f3n de un usuario o de su equipo y, dependiendo de la informaci\u00f3n que contengan y de la forma en que utilice su equipo, pueden utilizarse para reconocer al usuario.<\/p>\n<p><span style=\"color: #c6a666;\"><strong>\u00bfQu\u00e9 tipos de cookies utiliza nuestra p\u00e1gina web?<\/strong><\/span><\/p>\n<ul>\n<li>Cookies propias: Son aqu\u00e9llas que enviamos a tu ordenador o terminal desde nuestra p\u00e1gina web.<\/li>\n<li>Cookies de terceros: Son aqu\u00e9llas que se env\u00edan a tu ordenador o terminal desde un dominio o una pagina web que no es gestionada por nosotros, sino por otra entidad que trata los datos obtenidos trav\u00e9s de las cookies.<\/li>\n<li>Cookies de sesi\u00f3n: Son un tipo de cookies dise\u00f1adas para recabar y almacenar datos mientras accedes a nuestra web.<\/li>\n<li>Cookies persistentes: Son un tipo de cookies en el que los datos siguen almacenados en el terminal y pueden ser accedidos y tratados durante un periodo determinado de tiempo, y que puede ir de unos minutos a varios a\u00f1os.<\/li>\n<li>Cookies de an\u00e1lisis: Son aqu\u00e9llas que bien tratadas por nosotros o por terceros, nos permiten cuantificar el n\u00famero de usuarios y realizar la medici\u00f3n y an\u00e1lisis estad\u00edstico de la utilizaci\u00f3n que hacen los usuarios de nuestra web. Para ello analizamos la navegaci\u00f3n en nuestra p\u00e1gina web con el fin de mejorar la oferta de productos o servicios que ofrecemos.<\/li>\n<\/ul>\n<p><span style=\"color: #c6a666;\"><strong>Administraci\u00f3n de las cookies<\/strong><\/span><\/p>\n<p>Todos los navegadores permiten hacer cambios que permiten desactivar la configuraci\u00f3n de las cookies. Estos ajustes se encuentran ubicados en las \u201copciones\u201d o \u201cpreferencias\u201d del men\u00fa de su navegador.No obstante, recuerda que inhabilitar cookies implica perder funcionalidad en muchos sitios web.<\/p>\n<p>Puedes permitir, bloquear o eliminar las cookies instaladas en tu ordenador mediante la configuraci\u00f3n de las opciones del navegador instalado en tu ordenador.<\/p>\n<p>A continuaci\u00f3n te dejamos los enlaces con instrucciones para diferentes navegadores donde ver\u00e1s c\u00f3mo deshabilitar las cookies.<\/p>\n<ul>\n<li>Instrucciones para <a href=\"http:\/\/windows.microsoft.com\/eses\/windows7\/how-to-manage-cookies-in-internet-explorer-9\" target=\"_blank\">Internet Explorer<\/a><\/li>\n<li>Instrucciones para <a href=\"http:\/\/support.mozilla.org\/es\/products\/firefox\/cookies\" target=\"_blank\"><span class=\"s1\">Mozilla Firefox<\/span><\/a><\/li>\n<li>\u00a0Instrucciones para <a href=\"http:\/\/support.google.com\/chrome\/bin\/answer.py?hl=es&amp;answer=95647\" target=\"_blank\">Google Chrome<\/a><\/li>\n<li>Instrucciones para <a href=\"http:\/\/support.apple.com\/kb\/ph5042\" target=\"_blank\">Safari<\/a><\/li>\n<li>Instrucciones para <a href=\"http:\/\/help.opera.com\/Windows\/12.00\/es-ES\/cookies.html\" target=\"_blank\">Opera<\/a><\/li>\n<\/ul>\n<\/div>\n","protected":false},"excerpt":{"rendered":"<p>\u00bfQu\u00e9 es una cookie? Una cookie es un fichero que se descarga en tu ordenador o terminal al acceder a nuestra p\u00e1gina web. Las cookies nos permiten, entre otras cosas, almacenar y recuperar informaci\u00f3n sobre los h\u00e1bitos de navegaci\u00f3n de un usuario o de su equipo y, dependiendo de la informaci\u00f3n que contengan y de [&hellip;]<\/p>\n","protected":false},"author":2,"featured_media":0,"parent":0,"menu_order":0,"comment_status":"closed","ping_status":"closed","template":"side-navigation.php","meta":{"footnotes":""},"class_list":["post-4942","page","type-page","status-publish","hentry"],"yoast_head":"<!-- This site is optimized with the Yoast SEO plugin v27.3 - https:\/\/yoast.com\/product\/yoast-seo-wordpress\/ -->\n<title>Cookies law - DepuraIbiza - Vacaciones de Salud y Retiros en Ibiza<\/title>\n<meta name=\"robots\" content=\"index, follow, max-snippet:-1, max-image-preview:large, max-video-preview:-1\" \/>\n<link rel=\"canonical\" href=\"https:\/\/depuraibiza.com\/en\/cookies-law\/\" \/>\n<meta property=\"og:locale\" content=\"en_US\" \/>\n<meta property=\"og:type\" content=\"article\" \/>\n<meta property=\"og:title\" content=\"Cookies law - DepuraIbiza - Vacaciones de Salud y Retiros en Ibiza\" \/>\n<meta property=\"og:description\" content=\"\u00bfQu\u00e9 es una cookie? Una cookie es un fichero que se descarga en tu ordenador o terminal al acceder a nuestra p\u00e1gina web. Las cookies nos permiten, entre otras cosas, almacenar y recuperar informaci\u00f3n sobre los h\u00e1bitos de navegaci\u00f3n de un usuario o de su equipo y, dependiendo de la informaci\u00f3n que contengan y de [&hellip;]\" \/>\n<meta property=\"og:url\" content=\"https:\/\/depuraibiza.com\/en\/cookies-law\/\" \/>\n<meta property=\"og:site_name\" content=\"DepuraIbiza - Vacaciones de Salud y Retiros en Ibiza\" \/>\n<meta name=\"twitter:label1\" content=\"Est. reading time\" \/>\n\t<meta name=\"twitter:data1\" content=\"2 minutes\" \/>\n<script type=\"application\/ld+json\" class=\"yoast-schema-graph\">{\"@context\":\"https:\\\/\\\/schema.org\",\"@graph\":[{\"@type\":\"WebPage\",\"@id\":\"https:\\\/\\\/depuraibiza.com\\\/en\\\/cookies-law\\\/\",\"url\":\"https:\\\/\\\/depuraibiza.com\\\/en\\\/cookies-law\\\/\",\"name\":\"Cookies law - DepuraIbiza - Vacaciones de Salud y Retiros en Ibiza\",\"isPartOf\":{\"@id\":\"https:\\\/\\\/depuraibiza.com\\\/#website\"},\"datePublished\":\"2014-12-15T18:15:57+00:00\",\"breadcrumb\":{\"@id\":\"https:\\\/\\\/depuraibiza.com\\\/en\\\/cookies-law\\\/#breadcrumb\"},\"inLanguage\":\"en-US\",\"potentialAction\":[{\"@type\":\"ReadAction\",\"target\":[\"https:\\\/\\\/depuraibiza.com\\\/en\\\/cookies-law\\\/\"]}]},{\"@type\":\"BreadcrumbList\",\"@id\":\"https:\\\/\\\/depuraibiza.com\\\/en\\\/cookies-law\\\/#breadcrumb\",\"itemListElement\":[{\"@type\":\"ListItem\",\"position\":1,\"name\":\"Home\",\"item\":\"https:\\\/\\\/depuraibiza.com\\\/en\\\/\"},{\"@type\":\"ListItem\",\"position\":2,\"name\":\"Cookies law\"}]},{\"@type\":\"WebSite\",\"@id\":\"https:\\\/\\\/depuraibiza.com\\\/#website\",\"url\":\"https:\\\/\\\/depuraibiza.com\\\/\",\"name\":\"DepuraIbiza - Vacaciones de Salud y Retiros en Ibiza\",\"description\":\"DepuraIbiza - Vacaciones de Salud y Retiros en Ibiza\",\"potentialAction\":[{\"@type\":\"SearchAction\",\"target\":{\"@type\":\"EntryPoint\",\"urlTemplate\":\"https:\\\/\\\/depuraibiza.com\\\/?s={search_term_string}\"},\"query-input\":{\"@type\":\"PropertyValueSpecification\",\"valueRequired\":true,\"valueName\":\"search_term_string\"}}],\"inLanguage\":\"en-US\"}]}<\/script>\n<!-- \/ Yoast SEO plugin. -->","yoast_head_json":{"title":"Cookies law - DepuraIbiza - Vacaciones de Salud y Retiros en Ibiza","robots":{"index":"index","follow":"follow","max-snippet":"max-snippet:-1","max-image-preview":"max-image-preview:large","max-video-preview":"max-video-preview:-1"},"canonical":"https:\/\/depuraibiza.com\/en\/cookies-law\/","og_locale":"en_US","og_type":"article","og_title":"Cookies law - DepuraIbiza - Vacaciones de Salud y Retiros en Ibiza","og_description":"\u00bfQu\u00e9 es una cookie? Una cookie es un fichero que se descarga en tu ordenador o terminal al acceder a nuestra p\u00e1gina web. Las cookies nos permiten, entre otras cosas, almacenar y recuperar informaci\u00f3n sobre los h\u00e1bitos de navegaci\u00f3n de un usuario o de su equipo y, dependiendo de la informaci\u00f3n que contengan y de [&hellip;]","og_url":"https:\/\/depuraibiza.com\/en\/cookies-law\/","og_site_name":"DepuraIbiza - Vacaciones de Salud y Retiros en Ibiza","twitter_misc":{"Est. reading time":"2 minutes"},"schema":{"@context":"https:\/\/schema.org","@graph":[{"@type":"WebPage","@id":"https:\/\/depuraibiza.com\/en\/cookies-law\/","url":"https:\/\/depuraibiza.com\/en\/cookies-law\/","name":"Cookies law - DepuraIbiza - Vacaciones de Salud y Retiros en Ibiza","isPartOf":{"@id":"https:\/\/depuraibiza.com\/#website"},"datePublished":"2014-12-15T18:15:57+00:00","breadcrumb":{"@id":"https:\/\/depuraibiza.com\/en\/cookies-law\/#breadcrumb"},"inLanguage":"en-US","potentialAction":[{"@type":"ReadAction","target":["https:\/\/depuraibiza.com\/en\/cookies-law\/"]}]},{"@type":"BreadcrumbList","@id":"https:\/\/depuraibiza.com\/en\/cookies-law\/#breadcrumb","itemListElement":[{"@type":"ListItem","position":1,"name":"Home","item":"https:\/\/depuraibiza.com\/en\/"},{"@type":"ListItem","position":2,"name":"Cookies law"}]},{"@type":"WebSite","@id":"https:\/\/depuraibiza.com\/#website","url":"https:\/\/depuraibiza.com\/","name":"DepuraIbiza - Vacaciones de Salud y Retiros en Ibiza","description":"DepuraIbiza - Vacaciones de Salud y Retiros en Ibiza","potentialAction":[{"@type":"SearchAction","target":{"@type":"EntryPoint","urlTemplate":"https:\/\/depuraibiza.com\/?s={search_term_string}"},"query-input":{"@type":"PropertyValueSpecification","valueRequired":true,"valueName":"search_term_string"}}],"inLanguage":"en-US"}]}},"_links":{"self":[{"href":"https:\/\/depuraibiza.com\/en\/wp-json\/wp\/v2\/pages\/4942","targetHints":{"allow":["GET"]}}],"collection":[{"href":"https:\/\/depuraibiza.com\/en\/wp-json\/wp\/v2\/pages"}],"about":[{"href":"https:\/\/depuraibiza.com\/en\/wp-json\/wp\/v2\/types\/page"}],"author":[{"embeddable":true,"href":"https:\/\/depuraibiza.com\/en\/wp-json\/wp\/v2\/users\/2"}],"replies":[{"embeddable":true,"href":"https:\/\/depuraibiza.com\/en\/wp-json\/wp\/v2\/comments?post=4942"}],"version-history":[{"count":0,"href":"https:\/\/depuraibiza.com\/en\/wp-json\/wp\/v2\/pages\/4942\/revisions"}],"wp:attachment":[{"href":"https:\/\/depuraibiza.com\/en\/wp-json\/wp\/v2\/media?parent=4942"}],"curies":[{"name":"wp","href":"https:\/\/api.w.org\/{rel}","templated":true}]}}